{"id":113,"date":"2017-11-24T10:54:19","date_gmt":"2017-11-24T09:54:19","guid":{"rendered":"https:\/\/katarinadevi.wordpress.com\/?page_id=113"},"modified":"2025-09-18T14:43:13","modified_gmt":"2025-09-18T12:43:13","slug":"about-katarina","status":"publish","type":"page","link":"https:\/\/lightcoaching.org\/nl\/about-katarina\/","title":{"rendered":"Over Mij"},"content":{"rendered":"\n<figure class=\"wp-block-image size-full\"><img loading=\"lazy\" decoding=\"async\" width=\"1000\" height=\"400\" src=\"https:\/\/i0.wp.com\/lightcoaching.org\/nl\/wp-content\/uploads\/2025\/07\/Over-Katarina.jpg?fit=1000%2C400&amp;ssl=1\" alt=\"\" class=\"wp-image-2738\" srcset=\"https:\/\/i0.wp.com\/lightcoaching.org\/nl\/wp-content\/uploads\/2025\/07\/Over-Katarina.jpg?w=1000&amp;ssl=1 1000w, https:\/\/i0.wp.com\/lightcoaching.org\/nl\/wp-content\/uploads\/2025\/07\/Over-Katarina.jpg?resize=300%2C120&amp;ssl=1 300w, https:\/\/i0.wp.com\/lightcoaching.org\/nl\/wp-content\/uploads\/2025\/07\/Over-Katarina.jpg?resize=150%2C60&amp;ssl=1 150w, https:\/\/i0.wp.com\/lightcoaching.org\/nl\/wp-content\/uploads\/2025\/07\/Over-Katarina.jpg?resize=768%2C307&amp;ssl=1 768w\" sizes=\"auto, (max-width: 825px) 100vw, 825px\" \/><\/figure>\n\n\n\n<p class=\"\"><\/p>\n\n\n\n<p class=\"\">Ik ben Katarina. (Christus)BewustZijnscoach, Lichthealer en energetisch therapeut voor zowel volwassenen en kinderen, als ook voor dieren.<\/p>\n\n\n\n<p class=\"\">Als Christen stem ik me iedere dag af op het grote Genade Helings- en VerlossingsLichtveld, het nulpuntsveld, en vraag aan Christus, Moeder Maria en de LichtEngelen wat ik vandaag mag betekenen voor het grotere GeHeel.<\/p>\n\n\n\n<p class=\"\">Waar, aan wie, hoe, mag ik vandaag Liefdevol Dienstbaar Zijn? Wat is er nu nodig? Waar ben ik Geroepen?                                                                                                           <\/p>\n\n\n\n<p class=\"\">Door gehoor te geven aan het antwoord dat ik krijg, wordt ik het instrument van Licht en Liefde.    <\/p>\n\n\n<div class=\"wp-block-image\">\n<figure class=\"alignleft size-large is-resized\"><img data-recalc-dims=\"1\" loading=\"lazy\" decoding=\"async\" width=\"724\" height=\"1024\" src=\"https:\/\/i0.wp.com\/lightcoaching.org\/nl\/wp-content\/uploads\/2025\/09\/Lichtkwaliteiten-van-%E2%80%98n-Engel-724x1024.jpg?resize=724%2C1024&#038;ssl=1\" alt=\"\" class=\"wp-image-2776\" style=\"width:219px;height:auto\" srcset=\"https:\/\/i0.wp.com\/lightcoaching.org\/nl\/wp-content\/uploads\/2025\/09\/Lichtkwaliteiten-van-%E2%80%98n-Engel.jpg?resize=724%2C1024&amp;ssl=1 724w, https:\/\/i0.wp.com\/lightcoaching.org\/nl\/wp-content\/uploads\/2025\/09\/Lichtkwaliteiten-van-%E2%80%98n-Engel.jpg?resize=212%2C300&amp;ssl=1 212w, https:\/\/i0.wp.com\/lightcoaching.org\/nl\/wp-content\/uploads\/2025\/09\/Lichtkwaliteiten-van-%E2%80%98n-Engel.jpg?resize=106%2C150&amp;ssl=1 106w, https:\/\/i0.wp.com\/lightcoaching.org\/nl\/wp-content\/uploads\/2025\/09\/Lichtkwaliteiten-van-%E2%80%98n-Engel.jpg?resize=768%2C1086&amp;ssl=1 768w, https:\/\/i0.wp.com\/lightcoaching.org\/nl\/wp-content\/uploads\/2025\/09\/Lichtkwaliteiten-van-%E2%80%98n-Engel.jpg?resize=1086%2C1536&amp;ssl=1 1086w, https:\/\/i0.wp.com\/lightcoaching.org\/nl\/wp-content\/uploads\/2025\/09\/Lichtkwaliteiten-van-%E2%80%98n-Engel.jpg?w=1414&amp;ssl=1 1414w\" sizes=\"auto, (max-width: 724px) 100vw, 724px\" \/><\/figure>\n<\/div>\n\n\n<p class=\"has-text-align-left\">Ik oefen me daarnaast de nevenstaande Lichtkwaliteiten te belichamen, in elke omstandigheid en situatie. Zo stroomt en straalt er iedere dag meer Licht door me heen. Zorgen, onzekerheden, de innerlijke criticus en fysieke klachten smelten letterlijk weg.<\/p>\n\n\n\n<p class=\"\">Ik Vertrouw steeds meer op mijn Eenheid met en Samenwerking met het ChristusLicht en durf er steeds meer in te ontspannen. Met als gevolg steeds meer vreugde en innerlijke rust, energie en aanwezigheid in het hier en nu.<\/p>\n\n\n\n<p class=\"\">Tot zo\u2019n 5 jaar geleden was ik regelmatig angstig, gespannen, somber en burn-out met onverklaarbare fysieke klachten. Ik shopte met mijn ziel onder mijn arm tal van therapie\u00ebn en geestverruimende middelen af en pelde laag na laag af, zonder echt veel verder te komen.<\/p>\n\n\n\n<p class=\"\">Gelukkig hoeft dat niet meer en voel ik me tegenwoordig vrij opgeruimd en eenvoudig en over het algemeen content en gelukkig \ud83d\ude42 (Dat had ik vroeger, uit onwetendheid, oppervlakkig en saai genoemd!!)<\/p>\n\n\n\n<p class=\"\">Het is mijn Roeping, mijn passie en mijn missie om anderen te inspireren \u00f3\u00f3k dit Vreugdevolle Pad te bewandelen en, wie weet, misschien wel S\u00e1men deze weg naar Huis te lopen.<\/p>\n\n\n\n<p class=\"\">Ga je mee?!<\/p>\n\n\n\n<p class=\"\">Uiteraard ben ik zelf ben ik ook nog lerende, maar mijn eerste stappen liggen al een eind achter me.<\/p>\n\n\n\n<p class=\"\">Ik reik jou de hand. Laten we S\u00e1men het beste, of liever gezegd, het W\u00e1re in onszelf naar boven halen, dat wat we diep van binnen \u00e9cht Zijn.<\/p>\n\n\n\n<p class=\"\">Ik coach jouw eerste stappen, door eventuele angst en weerstand van het ego heen, die omhoog kan komen als jij je losmaakt uit diens greep en stapje voor stapje weer terugkeert naar jouw oorspronkelijke staat van (EenheidsBewust)Zijn.<\/p>\n\n\n\n<p class=\"\">(Christus)BewustZijnscoaching, Lichthealing en energetische therapie is effectief toepasbaar in uiteenlopende situaties en bij velerlei aandoeningen.<\/p>\n\n\n\n<p class=\"\">Wil je eens vrijblijvend kennis maken? Dat kan!<\/p>\n\n\n\n<p class=\"\">Boek <a href=\"https:\/\/lightcoaching.org\/free-light-transformation-session\/\">hier een gratis LichtTransformatie sessie of kennismakingsgesprek<\/a>.<\/p>\n\n\n\n<p class=\"\">Lees <a href=\"https:\/\/lightcoaching.org\/nl\/lightcoaching-healing-2\/\">hier<\/a> meer over <a href=\"https:\/\/lightcoaching.org\/nl\/lightcoaching-healing-2\/\">Lichtcoaching en -healing<\/a>.<\/p>\n\n\n\n<p class=\"\"><\/p>\n\n\n<div class=\"wp-block-image\">\n<figure class=\"aligncenter size-large\"><img data-recalc-dims=\"1\" loading=\"lazy\" decoding=\"async\" width=\"825\" height=\"619\" src=\"https:\/\/i0.wp.com\/lightcoaching.org\/nlwp-content\/uploads\/2021\/12\/20211015_143241-2-1024x768.jpg?resize=825%2C619&#038;ssl=1\" alt=\"\" class=\"wp-image-2504\" srcset=\"https:\/\/i0.wp.com\/lightcoaching.org\/nl\/wp-content\/uploads\/2021\/12\/20211015_143241-2-scaled.jpg?resize=1024%2C768&amp;ssl=1 1024w, https:\/\/i0.wp.com\/lightcoaching.org\/nl\/wp-content\/uploads\/2021\/12\/20211015_143241-2-scaled.jpg?resize=300%2C225&amp;ssl=1 300w, https:\/\/i0.wp.com\/lightcoaching.org\/nl\/wp-content\/uploads\/2021\/12\/20211015_143241-2-scaled.jpg?resize=150%2C113&amp;ssl=1 150w, https:\/\/i0.wp.com\/lightcoaching.org\/nl\/wp-content\/uploads\/2021\/12\/20211015_143241-2-scaled.jpg?resize=768%2C576&amp;ssl=1 768w, https:\/\/i0.wp.com\/lightcoaching.org\/nl\/wp-content\/uploads\/2021\/12\/20211015_143241-2-scaled.jpg?resize=1536%2C1152&amp;ssl=1 1536w, https:\/\/i0.wp.com\/lightcoaching.org\/nl\/wp-content\/uploads\/2021\/12\/20211015_143241-2-scaled.jpg?resize=2048%2C1536&amp;ssl=1 2048w, https:\/\/i0.wp.com\/lightcoaching.org\/nl\/wp-content\/uploads\/2021\/12\/20211015_143241-2-scaled.jpg?w=1650&amp;ssl=1 1650w, https:\/\/i0.wp.com\/lightcoaching.org\/nl\/wp-content\/uploads\/2021\/12\/20211015_143241-2-scaled.jpg?w=2475&amp;ssl=1 2475w\" sizes=\"auto, (max-width: 825px) 100vw, 825px\" \/><\/figure>\n<\/div>\n\n\n<h2 class=\"wp-block-heading\">Lichtblog ontvangen?<\/h2>\n\n\n\n<p class=\"\"><div class=\"wpforms-container wpforms-container-full\" id=\"wpforms-2514\"><form id=\"wpforms-form-2514\" class=\"wpforms-validate wpforms-form\" data-formid=\"2514\" method=\"post\" enctype=\"multipart\/form-data\" action=\"\/nl\/wp-json\/wp\/v2\/pages\/113\" data-token=\"3f0ce816a5460aa049e9f6576e174fe8\" data-token-time=\"1777830285\"><noscript class=\"wpforms-error-noscript\">Please enable JavaScript in your browser to complete this form.<\/noscript><div class=\"wpforms-field-container\"><div id=\"wpforms-2514-field_1-container\" class=\"wpforms-field wpforms-field-name\" data-field-id=\"1\"><label class=\"wpforms-field-label\" for=\"wpforms-2514-field_1\">Naam<\/label><input type=\"text\" id=\"wpforms-2514-field_1\" class=\"wpforms-field-medium\" name=\"wpforms[fields][1]\" ><\/div><div id=\"wpforms-2514-field_2-container\" class=\"wpforms-field wpforms-field-email\" data-field-id=\"2\"><label class=\"wpforms-field-label\" for=\"wpforms-2514-field_2\">Email <span class=\"wpforms-required-label\">*<\/span><\/label><input type=\"email\" id=\"wpforms-2514-field_2\" class=\"wpforms-field-medium wpforms-field-required\" name=\"wpforms[fields][2]\" spellcheck=\"false\" required><\/div><\/div><!-- .wpforms-field-container --><div class=\"wpforms-submit-container\" ><input type=\"hidden\" name=\"wpforms[id]\" value=\"2514\"><input type=\"hidden\" name=\"page_title\" value=\"\"><input type=\"hidden\" name=\"page_url\" value=\"https:\/\/lightcoaching.org\/nl\/wp-json\/wp\/v2\/pages\/113\"><input type=\"hidden\" name=\"url_referer\" value=\"\"><button type=\"submit\" name=\"wpforms[submit]\" id=\"wpforms-submit-2514\" class=\"wpforms-submit\" data-alt-text=\"Zenden...\" data-submit-text=\"Ja graag!\" aria-live=\"assertive\" value=\"wpforms-submit\">Ja graag!<\/button><\/div><\/form><\/div>  <!-- .wpforms-container --><\/p>\n\n\n\n<h6 class=\"wp-block-heading\">                                                                                                                          <em>             Je kunt je op ieder moment afmelden.<\/em><\/h6>\n","protected":false},"excerpt":{"rendered":"<p>Ik ben Katarina. (Christus)BewustZijnscoach, Lichthealer en energetisch therapeut voor zowel volwassenen en kinderen, als ook voor dieren. Als Christen stem ik me iedere dag af op het grote Genade Helings- en VerlossingsLichtveld, het nulpuntsveld, en vraag aan Christus, Moeder Maria en de LichtEngelen wat ik vandaag mag betekenen voor het grotere GeHeel. Waar, aan wie,&hellip; <a href=\"https:\/\/lightcoaching.org\/nl\/about-katarina\/\" class=\"more-link\">Continue reading <span class=\"screen-reader-text\">Over Mij<\/span><\/a><\/p>\n","protected":false},"author":1,"featured_media":0,"parent":0,"menu_order":0,"comment_status":"closed","ping_status":"closed","template":"","meta":{"nf_dc_page":"","_monsterinsights_skip_tracking":false,"_monsterinsights_sitenote_active":false,"_monsterinsights_sitenote_note":"","_monsterinsights_sitenote_category":0,"jetpack_post_was_ever_published":false,"footnotes":""},"tags":[],"class_list":["post-113","page","type-page","status-publish","hentry","without-featured-image"],"yoast_head":"<!-- This site is optimized with the Yoast SEO plugin v27.5 - https:\/\/yoast.com\/product\/yoast-seo-wordpress\/ -->\n<title>Over Mij - LightCoaching<\/title>\n<meta name=\"robots\" content=\"index, follow, max-snippet:-1, max-image-preview:large, max-video-preview:-1\" \/>\n<link rel=\"canonical\" href=\"https:\/\/lightcoaching.org\/nl\/about-katarina\/\" \/>\n<meta property=\"og:locale\" content=\"en_US\" \/>\n<meta property=\"og:type\" content=\"article\" \/>\n<meta property=\"og:title\" content=\"Over Mij - LightCoaching\" \/>\n<meta property=\"og:description\" content=\"Ik ben Katarina. (Christus)BewustZijnscoach, Lichthealer en energetisch therapeut voor zowel volwassenen en kinderen, als ook voor dieren. Als Christen stem ik me iedere dag af op het grote Genade Helings- en VerlossingsLichtveld, het nulpuntsveld, en vraag aan Christus, Moeder Maria en de LichtEngelen wat ik vandaag mag betekenen voor het grotere GeHeel. Waar, aan wie,&hellip; Continue reading Over Mij\" \/>\n<meta property=\"og:url\" content=\"https:\/\/lightcoaching.org\/nl\/about-katarina\/\" \/>\n<meta property=\"og:site_name\" content=\"LightCoaching\" \/>\n<meta property=\"article:publisher\" content=\"https:\/\/www.facebook.com\/profile.php?id=100014929818977\" \/>\n<meta property=\"article:modified_time\" content=\"2025-09-18T12:43:13+00:00\" \/>\n<meta property=\"og:image\" content=\"https:\/\/i0.wp.com\/lightcoaching.org\/nl\/wp-content\/uploads\/2025\/07\/Over-Katarina.jpg?fit=1000%2C400&ssl=1\" \/>\n\t<meta property=\"og:image:width\" content=\"1000\" \/>\n\t<meta property=\"og:image:height\" content=\"400\" \/>\n\t<meta property=\"og:image:type\" content=\"image\/jpeg\" \/>\n<meta name=\"twitter:card\" content=\"summary_large_image\" \/>\n<meta name=\"twitter:label1\" content=\"Est. reading time\" \/>\n\t<meta name=\"twitter:data1\" content=\"3 minutes\" \/>\n<script type=\"application\/ld+json\" class=\"yoast-schema-graph\">{\"@context\":\"https:\\\/\\\/schema.org\",\"@graph\":[{\"@type\":\"WebPage\",\"@id\":\"https:\\\/\\\/lightcoaching.org\\\/nl\\\/about-katarina\\\/\",\"url\":\"https:\\\/\\\/lightcoaching.org\\\/nl\\\/about-katarina\\\/\",\"name\":\"Over Mij - LightCoaching\",\"isPartOf\":{\"@id\":\"https:\\\/\\\/lightcoaching.org\\\/nl\\\/#website\"},\"primaryImageOfPage\":{\"@id\":\"https:\\\/\\\/lightcoaching.org\\\/nl\\\/about-katarina\\\/#primaryimage\"},\"image\":{\"@id\":\"https:\\\/\\\/lightcoaching.org\\\/nl\\\/about-katarina\\\/#primaryimage\"},\"thumbnailUrl\":\"https:\\\/\\\/i0.wp.com\\\/lightcoaching.org\\\/nl\\\/wp-content\\\/uploads\\\/2025\\\/07\\\/Over-Katarina.jpg?fit=1000%2C400&amp;ssl=1\",\"datePublished\":\"2017-11-24T09:54:19+00:00\",\"dateModified\":\"2025-09-18T12:43:13+00:00\",\"breadcrumb\":{\"@id\":\"https:\\\/\\\/lightcoaching.org\\\/nl\\\/about-katarina\\\/#breadcrumb\"},\"inLanguage\":\"en-US\",\"potentialAction\":[{\"@type\":\"ReadAction\",\"target\":[\"https:\\\/\\\/lightcoaching.org\\\/nl\\\/about-katarina\\\/\"]}]},{\"@type\":\"ImageObject\",\"inLanguage\":\"en-US\",\"@id\":\"https:\\\/\\\/lightcoaching.org\\\/nl\\\/about-katarina\\\/#primaryimage\",\"url\":\"https:\\\/\\\/i0.wp.com\\\/lightcoaching.org\\\/nl\\\/wp-content\\\/uploads\\\/2025\\\/07\\\/Over-Katarina.jpg?fit=1000%2C400&amp;ssl=1\",\"contentUrl\":\"https:\\\/\\\/i0.wp.com\\\/lightcoaching.org\\\/nl\\\/wp-content\\\/uploads\\\/2025\\\/07\\\/Over-Katarina.jpg?fit=1000%2C400&amp;ssl=1\"},{\"@type\":\"BreadcrumbList\",\"@id\":\"https:\\\/\\\/lightcoaching.org\\\/nl\\\/about-katarina\\\/#breadcrumb\",\"itemListElement\":[{\"@type\":\"ListItem\",\"position\":1,\"name\":\"Home\",\"item\":\"https:\\\/\\\/lightcoaching.org\\\/nl\\\/\"},{\"@type\":\"ListItem\",\"position\":2,\"name\":\"Over Mij\"}]},{\"@type\":\"WebSite\",\"@id\":\"https:\\\/\\\/lightcoaching.org\\\/nl\\\/#website\",\"url\":\"https:\\\/\\\/lightcoaching.org\\\/nl\\\/\",\"name\":\"Katarina Devi\",\"description\":\"The Kingdom of Christ is within You\",\"potentialAction\":[{\"@type\":\"SearchAction\",\"target\":{\"@type\":\"EntryPoint\",\"urlTemplate\":\"https:\\\/\\\/lightcoaching.org\\\/nl\\\/?s={search_term_string}\"},\"query-input\":{\"@type\":\"PropertyValueSpecification\",\"valueRequired\":true,\"valueName\":\"search_term_string\"}}],\"inLanguage\":\"en-US\"}]}<\/script>\n<!-- \/ Yoast SEO plugin. -->","yoast_head_json":{"title":"Over Mij - LightCoaching","robots":{"index":"index","follow":"follow","max-snippet":"max-snippet:-1","max-image-preview":"max-image-preview:large","max-video-preview":"max-video-preview:-1"},"canonical":"https:\/\/lightcoaching.org\/nl\/about-katarina\/","og_locale":"en_US","og_type":"article","og_title":"Over Mij - LightCoaching","og_description":"Ik ben Katarina. (Christus)BewustZijnscoach, Lichthealer en energetisch therapeut voor zowel volwassenen en kinderen, als ook voor dieren. Als Christen stem ik me iedere dag af op het grote Genade Helings- en VerlossingsLichtveld, het nulpuntsveld, en vraag aan Christus, Moeder Maria en de LichtEngelen wat ik vandaag mag betekenen voor het grotere GeHeel. Waar, aan wie,&hellip; Continue reading Over Mij","og_url":"https:\/\/lightcoaching.org\/nl\/about-katarina\/","og_site_name":"LightCoaching","article_publisher":"https:\/\/www.facebook.com\/profile.php?id=100014929818977","article_modified_time":"2025-09-18T12:43:13+00:00","og_image":[{"width":1000,"height":400,"url":"https:\/\/i0.wp.com\/lightcoaching.org\/nl\/wp-content\/uploads\/2025\/07\/Over-Katarina.jpg?fit=1000%2C400&ssl=1","type":"image\/jpeg"}],"twitter_card":"summary_large_image","twitter_misc":{"Est. reading time":"3 minutes"},"schema":{"@context":"https:\/\/schema.org","@graph":[{"@type":"WebPage","@id":"https:\/\/lightcoaching.org\/nl\/about-katarina\/","url":"https:\/\/lightcoaching.org\/nl\/about-katarina\/","name":"Over Mij - LightCoaching","isPartOf":{"@id":"https:\/\/lightcoaching.org\/nl\/#website"},"primaryImageOfPage":{"@id":"https:\/\/lightcoaching.org\/nl\/about-katarina\/#primaryimage"},"image":{"@id":"https:\/\/lightcoaching.org\/nl\/about-katarina\/#primaryimage"},"thumbnailUrl":"https:\/\/i0.wp.com\/lightcoaching.org\/nl\/wp-content\/uploads\/2025\/07\/Over-Katarina.jpg?fit=1000%2C400&amp;ssl=1","datePublished":"2017-11-24T09:54:19+00:00","dateModified":"2025-09-18T12:43:13+00:00","breadcrumb":{"@id":"https:\/\/lightcoaching.org\/nl\/about-katarina\/#breadcrumb"},"inLanguage":"en-US","potentialAction":[{"@type":"ReadAction","target":["https:\/\/lightcoaching.org\/nl\/about-katarina\/"]}]},{"@type":"ImageObject","inLanguage":"en-US","@id":"https:\/\/lightcoaching.org\/nl\/about-katarina\/#primaryimage","url":"https:\/\/i0.wp.com\/lightcoaching.org\/nl\/wp-content\/uploads\/2025\/07\/Over-Katarina.jpg?fit=1000%2C400&amp;ssl=1","contentUrl":"https:\/\/i0.wp.com\/lightcoaching.org\/nl\/wp-content\/uploads\/2025\/07\/Over-Katarina.jpg?fit=1000%2C400&amp;ssl=1"},{"@type":"BreadcrumbList","@id":"https:\/\/lightcoaching.org\/nl\/about-katarina\/#breadcrumb","itemListElement":[{"@type":"ListItem","position":1,"name":"Home","item":"https:\/\/lightcoaching.org\/nl\/"},{"@type":"ListItem","position":2,"name":"Over Mij"}]},{"@type":"WebSite","@id":"https:\/\/lightcoaching.org\/nl\/#website","url":"https:\/\/lightcoaching.org\/nl\/","name":"Katarina Devi","description":"The Kingdom of Christ is within You","potentialAction":[{"@type":"SearchAction","target":{"@type":"EntryPoint","urlTemplate":"https:\/\/lightcoaching.org\/nl\/?s={search_term_string}"},"query-input":{"@type":"PropertyValueSpecification","valueRequired":true,"valueName":"search_term_string"}}],"inLanguage":"en-US"}]}},"jetpack_sharing_enabled":false,"jetpack_shortlink":"https:\/\/wp.me\/PdryIw-1P","_links":{"self":[{"href":"https:\/\/lightcoaching.org\/nl\/wp-json\/wp\/v2\/pages\/113","targetHints":{"allow":["GET"]}}],"collection":[{"href":"https:\/\/lightcoaching.org\/nl\/wp-json\/wp\/v2\/pages"}],"about":[{"href":"https:\/\/lightcoaching.org\/nl\/wp-json\/wp\/v2\/types\/page"}],"author":[{"embeddable":true,"href":"https:\/\/lightcoaching.org\/nl\/wp-json\/wp\/v2\/users\/1"}],"replies":[{"embeddable":true,"href":"https:\/\/lightcoaching.org\/nl\/wp-json\/wp\/v2\/comments?post=113"}],"version-history":[{"count":2,"href":"https:\/\/lightcoaching.org\/nl\/wp-json\/wp\/v2\/pages\/113\/revisions"}],"predecessor-version":[{"id":2779,"href":"https:\/\/lightcoaching.org\/nl\/wp-json\/wp\/v2\/pages\/113\/revisions\/2779"}],"wp:attachment":[{"href":"https:\/\/lightcoaching.org\/nl\/wp-json\/wp\/v2\/media?parent=113"}],"wp:term":[{"taxonomy":"post_tag","embeddable":true,"href":"https:\/\/lightcoaching.org\/nl\/wp-json\/wp\/v2\/tags?post=113"}],"curies":[{"name":"wp","href":"https:\/\/api.w.org\/{rel}","templated":true}]}}